{"id":46,"date":"2015-10-07T23:56:29","date_gmt":"2015-10-07T23:56:29","guid":{"rendered":"https:\/\/philippegagnon.tv\/fr\/?page_id=46"},"modified":"2026-02-10T19:40:13","modified_gmt":"2026-02-10T19:40:13","slug":"cv","status":"publish","type":"page","link":"https:\/\/philippegagnon.tv\/fr\/cv\/","title":{"rendered":"CV"},"content":{"rendered":"<h2>R\u00e9alisations<\/h2>\n<h3>Films<\/h3>\n<ul>\n<li><strong>I See You Always <\/strong>(en production) 2026<\/li>\n<li><strong>Une derni\u00e8re Cicatrice<\/strong> (documentaire) 2025<\/li>\n<li><strong>Terror Train 2<\/strong> 2022<\/li>\n<li><strong>Terror Train<\/strong> 202<\/li>\n<li><strong>The Secret Sauce<\/strong> 2021<\/li>\n<li><strong>Swept up by Christmas<\/strong> 2020<\/li>\n<li><strong>The Lead<\/strong> 2019<\/li>\n<li><strong>Radio Silence<\/strong> 2018<strong>Mean Queen<\/strong> 2018<\/li>\n<li><strong>Twisted<\/strong> 2017<\/li>\n<li><strong>Sleeper<\/strong> 2017<\/li>\n<li><strong>Sometimes The Good Kill<\/strong> 2016<\/li>\n<li><strong>Girl&rsquo;s Night Out<\/strong> 2016<\/li>\n<li><strong>Run to me<\/strong> 2015<\/li>\n<li><strong>Ambert Alert<\/strong>\u00a02015<\/li>\n<li><strong>First Response<\/strong> 2014<\/li>\n<li><strong>Trigger Point <\/strong>2014<\/li>\n<li><strong>The Good Sister <\/strong>2013<\/li>\n<li><strong>Willed to Kill <\/strong>2012<strong><br \/>\n<\/strong><\/li>\n<li><strong><strong><strong>Do no Harm <\/strong><\/strong><\/strong>2011<\/li>\n<li><strong><strong><strong>Le poil de la b\u00eate <\/strong><\/strong><\/strong>2010<\/li>\n<li><strong><strong><strong>Exposed <\/strong><\/strong><\/strong>2010<\/li>\n<li><strong><strong><strong>Hidden Crimes<\/strong><\/strong><\/strong> 2008<\/li>\n<li><strong><strong><strong>Reverse Angles <\/strong><\/strong><\/strong>2008<\/li>\n<li><strong><strong><strong>Dans une galaxie pr\u00e8s de chez vous 2 <\/strong><\/strong><\/strong>2008<\/li>\n<li><strong>No Brother of Mine<\/strong> 2007<\/li>\n<li><strong>Fatal Trust<\/strong> 2005<\/li>\n<li><strong>Living with the ennemy<\/strong> 2005<\/li>\n<li><strong>Premier juillet<\/strong> 2003<\/li>\n<\/ul>\n<h3>T\u00e9l\u00e9vision<\/h3>\n<ul>\n<li><strong>Campus<\/strong> 2021<\/li>\n<li><strong>J\u00e9r\u00e9mie V<\/strong> 2019<\/li>\n<li><strong>Yamaska<\/strong> 2009<\/li>\n<li><strong>Nos \u00e9t\u00e9s 4 &#8211; Les \u00e9t\u00e9s d&rsquo;Ana\u00efs<\/strong> 2008<\/li>\n<li><strong>Nos \u00e9t\u00e9s 3\u00a0<\/strong> 2006<\/li>\n<li><strong>Nos \u00e9t\u00e9s 2 &#8211; La saga d&rsquo;un si\u00e8cle<\/strong> 2005<\/li>\n<li><strong>Nos \u00e9t\u00e9s &#8211; En coulisses<\/strong> 2005<\/li>\n<li><strong>Chambre #13- \u00c9pisode Vidi <\/strong>2004<\/li>\n<\/ul>\n<h3>Courts M\u00e9trages<\/h3>\n<ul>\n<li><strong>Strings Attached <\/strong>2003<\/li>\n<li><strong>Le horla<\/strong> 2003<\/li>\n<li><strong>Vous \u00eates ici<\/strong> 2001<\/li>\n<li><strong>Post<\/strong> 2000<\/li>\n<li><strong>J&rsquo;ai Besoin d&rsquo;un Trou dans la T\u00eate<\/strong> 1999<\/li>\n<li><strong>Le Salon Rouge<\/strong> 1999<\/li>\n<li><strong>Darrington North<\/strong> 1996<\/li>\n<\/ul>\n<h3>Web<\/h3>\n<ul>\n<li><strong>Trauma<\/strong> 2011<strong><br \/>\n<\/strong><\/li>\n<\/ul>\n<h3>Publicit\u00e9s<\/h3>\n<ul>\n<li><strong>Cascade <\/strong>2015<strong><br \/>\n<\/strong><\/li>\n<li><strong>Mobilys <\/strong>2015<strong><br \/>\n<\/strong><\/li>\n<li>Liste compl\u00e8te disponible sur demande.<strong><br \/>\n<\/strong><\/li>\n<\/ul>\n<h3>Montage<\/h3>\n<ul>\n<li><strong>J\u00e9r\u00e9mie V <\/strong>&#8211; s\u00e9rie t\u00e9l\u00e9, \u00e9pisodes 9 \u00e015\u00a0\u00a0\u00a0\u00a0\u00a0 2019<\/li>\n<li><strong>1:54<\/strong> &#8211; long m\u00e9trage, r\u00e9alisateur :\u00a0 Yan England, 2016<\/li>\n<li><strong>Henri<\/strong> &#8211; court m\u00e9trage, r\u00e9alisateur :\u00a0 Yan England, 2011<\/li>\n<li><strong>Moi<\/strong> &#8211; court m\u00e9trage, r\u00e9alisateur :\u00a0 Yan England, 2007<\/li>\n<li><strong>Le Pont<\/strong> &#8211; court m\u00e9trage, r\u00e9alisateur Guy Edoin,2004<\/li>\n<li><strong>Premier Juillet, le film<\/strong> &#8211; long m\u00e9trage\u00a0\u00a0 2003<\/li>\n<li><strong>La Face Cach\u00e9e de la Lune<\/strong> &#8211; long m\u00e9trage, r\u00e9alisateur : Robert Lepage,2003<\/li>\n<\/ul>\n<h3 id=\"stcpDiv\">Distinctions<\/h3>\n<div>\n<div id=\"stcpDiv\">\n<ul>\n<li>Nomination, Contribution exceptionnelle \u00e0 la r\u00e9alisation d&rsquo;un T\u00e9l\u00e9film ou d&rsquo;une Minis\u00e9ries, Philippe Gagnon<strong> Mean Queen<\/strong>, Directors Guild of Canada Awards, 2019<\/li>\n<li>Nomination, Meilleur T\u00e9l\u00e9film, <strong>Radio Silence<\/strong>, Seoul International Drama Awards, 2019<\/li>\n<li><strong>Twisted<\/strong> finaliste pour Best TV Movie at the C21 International Drama Awards, 2018<\/li>\n<li><strong>Girl&rsquo;s Night Out<\/strong> finaliste pour Best TV Movie at the C21 International Drama Awards, 2017<\/li>\n<li>Nomination, Canadian Screen Award pour Best Direction in a Dramatic Program or Limited Series,\u00a0 <strong>Amber Alert<\/strong>, 2017<\/li>\n<li>Nomination, Seoul International Drama Awards, Best TV Serie, <strong>First Response<\/strong>,\u00a0 2016<\/li>\n<li>Nomination, Canadian Screen Award\u00a0 pour Best <span id=\"kco52\" class=\"lis-keyphrase\">TV<\/span> Movie or Limited Series,\u00a0 <strong>First Response<\/strong>, 2016<\/li>\n<li>Nomination, Canadian Screen Award pour Best Direction in a Dramatic Program or Limited Series,\u00a0 <strong>The Good Sister<\/strong>, 2016<strong class=\"lis-processed\"><br \/>\n<\/strong><\/li>\n<li>Prix Golden Bird &#8211; Meilleur t\u00e9l\u00e9film, Seoul International Drama Awards,\u00a0<strong>The Good Sister<\/strong><em>,\u00a0<\/em> 2015<\/li>\n<li>Nomination, Meilleure r\u00e9alisation &#8211; T\u00e9l\u00e9film ou Minis\u00e9rie, DGC Awards,\u00a0<strong>The Good Sister<\/strong>, 2015<strong><br \/>\n<\/strong><\/li>\n<li>Nomination, Meilleur T\u00e9l\u00e9film ou Minis\u00e9rie, DGC Awards,\u00a0<strong>Trigger Point<\/strong>, 2015<strong><br \/>\n<\/strong><\/li>\n<li>Nomination Rockie Awards, Meilleur t\u00e9l\u00e9film,\u00a0Banff Media World Festival, <strong>The Good Sister<\/strong>,\u00a0 2015<strong><br \/>\n<\/strong><\/li>\n<li>Nomination, Meilleure r\u00e9alisation: t\u00e9l\u00e9roman, Prix G\u00e9meaux,\u00a0<strong>Yamaska<\/strong>, 2010<strong><br \/>\n<\/strong><\/li>\n<li>Prix meilleur montage, Houston film festival, <strong>Moi<\/strong>, 2007<\/li>\n<li>Prix meilleur montage, Rhode Island film festival,\u00a0<strong>Moi<\/strong>, 2007<\/li>\n<li>Prix t\u00e9l\u00e9film Canada, Meilleur court m\u00e9trage,\u00a0Rendez-vous du Cin\u00e9ma qu\u00e9b\u00e9cois,\u00a0<strong>Vous \u00eates ici<\/strong>, 2002<strong><br \/>\n<\/strong><\/li>\n<\/ul>\n<\/div>\n<\/div>\n","protected":false},"excerpt":{"rendered":"<p>R\u00e9alisations Films I See You Always (en production) 2026 Une derni\u00e8re Cicatrice (documentaire) 2025 Terror Train 2 2022 Terror Train 202 The Secret Sauce 2021 Swept up by Christmas 2020 The Lead 2019 Radio Silence 2018Mean Queen 2018 Twisted 2017 Sleeper 2017 Sometimes The Good Kill 2016 Girl&rsquo;s Night Out 2016 Run to me 2015 Ambert Alert\u00a02015 First Response 2014 Trigger Point 2014 The Good Sister 2013 Willed to Kill 2012 Do no Harm 2011 Le poil de la b\u00eate 2010 Exposed 2010 Hidden Crimes 2008 Reverse Angles 2008 Dans une galaxie pr\u00e8s de chez vous 2 2008 No Brother of Mine 2007 Fatal Trust 2005 Living with the ennemy 2005 Premier juillet 2003 T\u00e9l\u00e9vision Campus 2021 J\u00e9r\u00e9mie V 2019 Yamaska 2009 Nos \u00e9t\u00e9s 4 &#8211; Les \u00e9t\u00e9s d&rsquo;Ana\u00efs 2008 Nos \u00e9t\u00e9s 3\u00a0 2006 Nos \u00e9t\u00e9s 2 &#8211; La saga d&rsquo;un si\u00e8cle 2005 Nos \u00e9t\u00e9s &#8211; En coulisses 2005 Chambre #13- \u00c9pisode Vidi 2004 Courts M\u00e9trages Strings Attached 2003 Le horla 2003 Vous \u00eates ici 2001 Post 2000 J&rsquo;ai Besoin d&rsquo;un Trou dans la T\u00eate 1999 Le Salon Rouge 1999 Darrington North 1996 Web Trauma 2011 Publicit\u00e9s Cascade 2015 Mobilys 2015 Liste compl\u00e8te disponible sur demande. Montage J\u00e9r\u00e9mie V &#8211; [&hellip;]<\/p>\n","protected":false},"author":2,"featured_media":0,"parent":0,"menu_order":0,"comment_status":"closed","ping_status":"closed","template":"","meta":{"footnotes":""},"_links":{"self":[{"href":"https:\/\/philippegagnon.tv\/fr\/wp-json\/wp\/v2\/pages\/46"}],"collection":[{"href":"https:\/\/philippegagnon.tv\/fr\/wp-json\/wp\/v2\/pages"}],"about":[{"href":"https:\/\/philippegagnon.tv\/fr\/wp-json\/wp\/v2\/types\/page"}],"author":[{"embeddable":true,"href":"https:\/\/philippegagnon.tv\/fr\/wp-json\/wp\/v2\/users\/2"}],"replies":[{"embeddable":true,"href":"https:\/\/philippegagnon.tv\/fr\/wp-json\/wp\/v2\/comments?post=46"}],"version-history":[{"count":38,"href":"https:\/\/philippegagnon.tv\/fr\/wp-json\/wp\/v2\/pages\/46\/revisions"}],"predecessor-version":[{"id":570,"href":"https:\/\/philippegagnon.tv\/fr\/wp-json\/wp\/v2\/pages\/46\/revisions\/570"}],"wp:attachment":[{"href":"https:\/\/philippegagnon.tv\/fr\/wp-json\/wp\/v2\/media?parent=46"}],"curies":[{"name":"wp","href":"https:\/\/api.w.org\/{rel}","templated":true}]}}