{"id":140,"date":"2015-10-09T12:47:37","date_gmt":"2015-10-09T12:47:37","guid":{"rendered":"https:\/\/philippegagnon.tv\/fr\/?page_id=140"},"modified":"2026-02-10T19:26:21","modified_gmt":"2026-02-10T19:26:21","slug":"bio","status":"publish","type":"page","link":"https:\/\/philippegagnon.tv\/fr\/bio\/","title":{"rendered":"Bio"},"content":{"rendered":"<p><a href=\"https:\/\/philippegagnon.tv\/wp-content\/uploads\/2017\/09\/PHILPROFIL2017_6353.jpg\"><img loading=\"lazy\" decoding=\"async\" class=\"alignnone wp-image-357\" src=\"https:\/\/philippegagnon.tv\/wp-content\/uploads\/2017\/09\/PHILPROFIL2017_6353-300x180.jpg\" alt=\"\" width=\"368\" height=\"221\" srcset=\"https:\/\/philippegagnon.tv\/wp-content\/uploads\/2017\/09\/PHILPROFIL2017_6353-300x180.jpg 300w, https:\/\/philippegagnon.tv\/wp-content\/uploads\/2017\/09\/PHILPROFIL2017_6353-768x461.jpg 768w, https:\/\/philippegagnon.tv\/wp-content\/uploads\/2017\/09\/PHILPROFIL2017_6353-1024x614.jpg 1024w\" sizes=\"(max-width: 368px) 100vw, 368px\" \/><\/a><\/p>\n<p>Philippe Gagnon r\u00e9alise pour t\u00e9l\u00e9vision et le cin\u00e9ma travaillant aussi bien en fran\u00e7ais qu\u2019en anglais. On le connait entre autre pour <em>Nos \u00c9t\u00e9s 3<\/em> et <em>Yamaska<\/em> (nomination Meilleure R\u00e9alisation, G\u00e9maux) ainsi que le film \u00e0 succ\u00e8s <em>Dans une Galaxie pr\u00e8s de chez vous 2 <\/em>et<em> Premier Juillet le film.<\/em> En 2019, il signe la r\u00e9alisation de la cinqui\u00e8me saison de <em>J\u00e9r\u00e9mie<\/em> pour Vrak. Il a aussi r\u00e9alis\u00e9 25 longs m\u00e9trages en anglais dont <em>The Good Sister<\/em> (Gagnant du Meilleur T\u00e9l\u00e9film, Seoul, Nomination Meilleur R\u00e9alisateur, Prix \u00c9crans), <em>Amber Alert<\/em> (Nomination Meilleur R\u00e9alisateur, Prix \u00c9crans) et <em>First Response<\/em> (Nomination Meilleur T\u00e9l\u00e9film, Prix \u00c9crans). En plus de son travail de r\u00e9alisateur, il signe le montage de plusieurs projets dont <em>La Face Cach\u00e9e de la Lune<\/em> de Robert Lepage, <em>1:54<\/em> de Yan England ainsi que le court m\u00e9trage <em>Henry<\/em>, nomin\u00e9 pour un Oscar. Son documentaire <em>Une Derni\u00e8re Cicatrice<\/em> est sorti au cin\u00e9ma en 2025.<\/p>\n","protected":false},"excerpt":{"rendered":"<p>Philippe Gagnon r\u00e9alise pour t\u00e9l\u00e9vision et le cin\u00e9ma travaillant aussi bien en fran\u00e7ais qu\u2019en anglais. On le connait entre autre pour Nos \u00c9t\u00e9s 3 et Yamaska (nomination Meilleure R\u00e9alisation, G\u00e9maux) ainsi que le film \u00e0 succ\u00e8s Dans une Galaxie pr\u00e8s de chez vous 2 et Premier Juillet le film. En 2019, il signe la r\u00e9alisation de la cinqui\u00e8me saison de J\u00e9r\u00e9mie pour Vrak. Il a aussi r\u00e9alis\u00e9 25 longs m\u00e9trages en anglais dont The Good Sister (Gagnant du Meilleur T\u00e9l\u00e9film, Seoul, Nomination Meilleur R\u00e9alisateur, Prix \u00c9crans), Amber Alert (Nomination Meilleur R\u00e9alisateur, Prix \u00c9crans) et First Response (Nomination Meilleur T\u00e9l\u00e9film, Prix \u00c9crans). En plus de son travail de r\u00e9alisateur, il signe le montage de plusieurs projets dont La Face Cach\u00e9e de la Lune de Robert Lepage, 1:54 de Yan England ainsi que le court m\u00e9trage Henry, nomin\u00e9 pour un Oscar. Son documentaire Une Derni\u00e8re Cicatrice est sorti au cin\u00e9ma en 2025.<\/p>\n","protected":false},"author":3,"featured_media":0,"parent":0,"menu_order":0,"comment_status":"closed","ping_status":"closed","template":"","meta":{"footnotes":""},"_links":{"self":[{"href":"https:\/\/philippegagnon.tv\/fr\/wp-json\/wp\/v2\/pages\/140"}],"collection":[{"href":"https:\/\/philippegagnon.tv\/fr\/wp-json\/wp\/v2\/pages"}],"about":[{"href":"https:\/\/philippegagnon.tv\/fr\/wp-json\/wp\/v2\/types\/page"}],"author":[{"embeddable":true,"href":"https:\/\/philippegagnon.tv\/fr\/wp-json\/wp\/v2\/users\/3"}],"replies":[{"embeddable":true,"href":"https:\/\/philippegagnon.tv\/fr\/wp-json\/wp\/v2\/comments?post=140"}],"version-history":[{"count":21,"href":"https:\/\/philippegagnon.tv\/fr\/wp-json\/wp\/v2\/pages\/140\/revisions"}],"predecessor-version":[{"id":568,"href":"https:\/\/philippegagnon.tv\/fr\/wp-json\/wp\/v2\/pages\/140\/revisions\/568"}],"wp:attachment":[{"href":"https:\/\/philippegagnon.tv\/fr\/wp-json\/wp\/v2\/media?parent=140"}],"curies":[{"name":"wp","href":"https:\/\/api.w.org\/{rel}","templated":true}]}}