{"id":100,"date":"2015-10-09T03:53:09","date_gmt":"2015-10-09T03:53:09","guid":{"rendered":"https:\/\/philippegagnon.tv\/fr\/?page_id=100"},"modified":"2026-02-10T19:20:39","modified_gmt":"2026-02-10T19:20:39","slug":"contact","status":"publish","type":"page","link":"https:\/\/philippegagnon.tv\/fr\/contact\/","title":{"rendered":"Contact"},"content":{"rendered":"<p>Agent: Marie-Pierre Coulombe<br role=\"presentation\" \/><span dir=\"ltr\" role=\"presentation\">Duchesne ADA<\/span><br role=\"presentation\" \/>305 Rue de Bellechasse, suite 405<br \/>\nMontr\u00e9al (Qu\u00e9bec) H2S 1W9 <br role=\"presentation\" \/><span dir=\"ltr\" role=\"presentation\">T\u00e9l. : 514.274.4607 <\/span><br role=\"presentation\" \/><span dir=\"ltr\" role=\"presentation\">Courriel :<\/span>\u00a0<span dir=\"ltr\" role=\"presentation\">mariepierrecoulombe@agenceada.com<\/span><\/p>\n<p><span dir=\"ltr\" role=\"presentation\">Web :<\/span> <span dir=\"ltr\" role=\"presentation\">www.agenceada.com<\/span><\/p>\n","protected":false},"excerpt":{"rendered":"<p>Agent: Marie-Pierre CoulombeDuchesne ADA305 Rue de Bellechasse, suite 405 Montr\u00e9al (Qu\u00e9bec) H2S 1W9 T\u00e9l. : 514.274.4607 Courriel :\u00a0mariepierrecoulombe@agenceada.com Web : www.agenceada.com<\/p>\n","protected":false},"author":1,"featured_media":0,"parent":0,"menu_order":0,"comment_status":"closed","ping_status":"closed","template":"page-contact.php","meta":{"footnotes":""},"_links":{"self":[{"href":"https:\/\/philippegagnon.tv\/fr\/wp-json\/wp\/v2\/pages\/100"}],"collection":[{"href":"https:\/\/philippegagnon.tv\/fr\/wp-json\/wp\/v2\/pages"}],"about":[{"href":"https:\/\/philippegagnon.tv\/fr\/wp-json\/wp\/v2\/types\/page"}],"author":[{"embeddable":true,"href":"https:\/\/philippegagnon.tv\/fr\/wp-json\/wp\/v2\/users\/1"}],"replies":[{"embeddable":true,"href":"https:\/\/philippegagnon.tv\/fr\/wp-json\/wp\/v2\/comments?post=100"}],"version-history":[{"count":17,"href":"https:\/\/philippegagnon.tv\/fr\/wp-json\/wp\/v2\/pages\/100\/revisions"}],"predecessor-version":[{"id":564,"href":"https:\/\/philippegagnon.tv\/fr\/wp-json\/wp\/v2\/pages\/100\/revisions\/564"}],"wp:attachment":[{"href":"https:\/\/philippegagnon.tv\/fr\/wp-json\/wp\/v2\/media?parent=100"}],"curies":[{"name":"wp","href":"https:\/\/api.w.org\/{rel}","templated":true}]}}