{"id":10,"date":"2015-10-01T22:40:08","date_gmt":"2015-10-01T22:40:08","guid":{"rendered":"https:\/\/philippegagnon.tv\/?page_id=10&#038;lang=fr"},"modified":"2026-02-10T19:21:23","modified_gmt":"2026-02-10T19:21:23","slug":"home","status":"publish","type":"page","link":"https:\/\/philippegagnon.tv\/fr\/","title":{"rendered":"Accueil"},"content":{"rendered":"<p>Depuis 2003, Philippe Gagnon a r\u00e9alis\u00e9 29 longs m\u00e9trages tant en fran\u00e7ais qu&rsquo;en anglais, ainsi que plusieurs \u00e9pisodes de s\u00e9ries t\u00e9l\u00e9.<\/p>\n<hr \/>\n<div class=\"container\">\n<div class=\"first_half\"><a href=\"tel:+15147579639\"><span dir=\"ltr\" role=\"presentation\">mariepierrecoulombe@agenceada.com<\/span><\/a><\/div>\n<\/div>\n<div class=\"clear\"><\/div>\n","protected":false},"excerpt":{"rendered":"<p>Depuis 2003, Philippe Gagnon a r\u00e9alis\u00e9 29 longs m\u00e9trages tant en fran\u00e7ais qu&rsquo;en anglais, ainsi que plusieurs \u00e9pisodes de s\u00e9ries t\u00e9l\u00e9. mariepierrecoulombe@agenceada.com<\/p>\n","protected":false},"author":1,"featured_media":131,"parent":0,"menu_order":0,"comment_status":"closed","ping_status":"closed","template":"template-home.php","meta":{"footnotes":""},"_links":{"self":[{"href":"https:\/\/philippegagnon.tv\/fr\/wp-json\/wp\/v2\/pages\/10"}],"collection":[{"href":"https:\/\/philippegagnon.tv\/fr\/wp-json\/wp\/v2\/pages"}],"about":[{"href":"https:\/\/philippegagnon.tv\/fr\/wp-json\/wp\/v2\/types\/page"}],"author":[{"embeddable":true,"href":"https:\/\/philippegagnon.tv\/fr\/wp-json\/wp\/v2\/users\/1"}],"replies":[{"embeddable":true,"href":"https:\/\/philippegagnon.tv\/fr\/wp-json\/wp\/v2\/comments?post=10"}],"version-history":[{"count":28,"href":"https:\/\/philippegagnon.tv\/fr\/wp-json\/wp\/v2\/pages\/10\/revisions"}],"predecessor-version":[{"id":565,"href":"https:\/\/philippegagnon.tv\/fr\/wp-json\/wp\/v2\/pages\/10\/revisions\/565"}],"wp:featuredmedia":[{"embeddable":true,"href":"https:\/\/philippegagnon.tv\/fr\/wp-json\/wp\/v2\/media\/131"}],"wp:attachment":[{"href":"https:\/\/philippegagnon.tv\/fr\/wp-json\/wp\/v2\/media?parent=10"}],"curies":[{"name":"wp","href":"https:\/\/api.w.org\/{rel}","templated":true}]}}